{"id":9,"date":"2019-04-17T16:20:16","date_gmt":"2019-04-17T14:20:16","guid":{"rendered":"http:\/\/lacksys.com\/?page_id=9"},"modified":"2020-03-02T12:55:33","modified_gmt":"2020-03-02T11:55:33","slug":"a-propos-de","status":"publish","type":"page","link":"https:\/\/lacksys.com\/index.php\/a-propos-de\/","title":{"rendered":"\u00c0 propos de"},"content":{"rendered":"<p>Vous pourriez \u00eatre un responsable du syst\u00e8me d&#8217;information et vouloir pr\u00e9server une haute disponibilit\u00e9 et une performance accrue de votre syst\u00e8me par rapport aux exigences des vos collaborateurs.<\/p>\n","protected":false},"excerpt":{"rendered":"<p>Vous pourriez \u00eatre un responsable du syst\u00e8me d&#8217;information et vouloir pr\u00e9server une haute disponibilit\u00e9 et une performance accrue de votre syst\u00e8me par rapport aux exigences des vos collaborateurs.<\/p>\n","protected":false},"author":1,"featured_media":39,"parent":0,"menu_order":0,"comment_status":"open","ping_status":"closed","template":"","meta":[],"_links":{"self":[{"href":"https:\/\/lacksys.com\/index.php\/wp-json\/wp\/v2\/pages\/9"}],"collection":[{"href":"https:\/\/lacksys.com\/index.php\/wp-json\/wp\/v2\/pages"}],"about":[{"href":"https:\/\/lacksys.com\/index.php\/wp-json\/wp\/v2\/types\/page"}],"author":[{"embeddable":true,"href":"https:\/\/lacksys.com\/index.php\/wp-json\/wp\/v2\/users\/1"}],"replies":[{"embeddable":true,"href":"https:\/\/lacksys.com\/index.php\/wp-json\/wp\/v2\/comments?post=9"}],"version-history":[{"count":2,"href":"https:\/\/lacksys.com\/index.php\/wp-json\/wp\/v2\/pages\/9\/revisions"}],"predecessor-version":[{"id":30,"href":"https:\/\/lacksys.com\/index.php\/wp-json\/wp\/v2\/pages\/9\/revisions\/30"}],"wp:featuredmedia":[{"embeddable":true,"href":"https:\/\/lacksys.com\/index.php\/wp-json\/wp\/v2\/media\/39"}],"wp:attachment":[{"href":"https:\/\/lacksys.com\/index.php\/wp-json\/wp\/v2\/media?parent=9"}],"curies":[{"name":"wp","href":"https:\/\/api.w.org\/{rel}","templated":true}]}}